{"id":1985,"date":"2022-09-08T09:17:02","date_gmt":"2022-09-08T07:17:02","guid":{"rendered":"https:\/\/swisstools.fr\/actualites\/"},"modified":"2025-04-11T15:44:23","modified_gmt":"2025-04-11T13:44:23","slug":"actualites-swisstools","status":"publish","type":"page","link":"https:\/\/swisstools.fr\/en\/actualites-swisstools\/","title":{"rendered":"News"},"content":{"rendered":"<p>[et_pb_section fb_built=&#8221;1&#8243; _builder_version=&#8221;4.18.0&#8243; _module_preset=&#8221;default&#8221; background_image=&#8221;https:\/\/swisstools.fr\/wp-content\/uploads\/2022\/09\/Swisstools_27_.jpg&#8221; da_disable_devices=&#8221;off|off|off&#8221; locked=&#8221;off&#8221; global_colors_info=&#8221;{}&#8221; da_is_popup=&#8221;off&#8221; da_exit_intent=&#8221;off&#8221; da_has_close=&#8221;on&#8221; da_alt_close=&#8221;off&#8221; da_dark_close=&#8221;off&#8221; da_not_modal=&#8221;on&#8221; da_is_singular=&#8221;off&#8221; da_with_loader=&#8221;off&#8221; da_has_shadow=&#8221;on&#8221;][et_pb_row _builder_version=&#8221;4.16&#8243; custom_padding=&#8221;150px||147px|||&#8221; global_colors_info=&#8221;{}&#8221;][et_pb_column type=&#8221;4_4&#8243; _builder_version=&#8221;4.16&#8243; global_colors_info=&#8221;{}&#8221;][et_pb_text _builder_version=&#8221;4.27.4&#8243; text_font=&#8221;Roboto||||||||&#8221; text_text_color=&#8221;#FFFFFF&#8221; text_font_size=&#8221;18px&#8221; text_line_height=&#8221;2.7em&#8221; header_font=&#8221;Arimo|700|||||||&#8221; header_text_color=&#8221;#FFFFFF&#8221; header_font_size=&#8221;60px&#8221; header_line_height=&#8221;1.2em&#8221; header_3_font=&#8221;Arimo||||||||&#8221; header_3_text_color=&#8221;#FFFFFF&#8221; header_3_font_size=&#8221;36px&#8221; header_3_line_height=&#8221;0.6em&#8221; background_layout=&#8221;dark&#8221; custom_margin=&#8221;||32px|||&#8221; header_font_size_tablet=&#8221;50px&#8221; header_font_size_phone=&#8221;30px&#8221; header_font_size_last_edited=&#8221;on|phone&#8221; global_colors_info=&#8221;{}&#8221;]<\/p>\n<h3>#Swisstools<\/h3>\n<h1>Our news<\/h1>\n<p class=\"p1\">Find out the latest news about our company.<\/p>\n<p>[\/et_pb_text][et_pb_button button_url=&#8221;https:\/\/swisstools.fr\/actualites#actus\/&#8221; button_text=&#8221;READ ALL NEWS&#8221; button_alignment=&#8221;left&#8221; _builder_version=&#8221;4.27.4&#8243; _module_preset=&#8221;default&#8221; custom_button=&#8221;on&#8221; button_text_size=&#8221;18px&#8221; button_text_color=&#8221;#FFFFFF&#8221; button_bg_color=&#8221;#D81728&#8243; button_border_width=&#8221;0px&#8221; button_border_radius=&#8221;0px&#8221; button_font=&#8221;Roboto|300||on|||||&#8221; button_icon=&#8221;&#x24;||divi||400&#8243; button_icon_color=&#8221;#FFFFFF&#8221; button_icon_placement=&#8221;left&#8221; button_on_hover=&#8221;off&#8221; custom_padding=&#8221;10px|20px|10px|40px|false|false&#8221; animation_style=&#8221;fade&#8221; locked=&#8221;off&#8221; global_colors_info=&#8221;{}&#8221; button_bg_color__hover_enabled=&#8221;on|hover&#8221; button_bg_color__hover=&#8221;#ffffff&#8221; button_bg_enable_color__hover=&#8221;on&#8221; button_text_color__hover_enabled=&#8221;on|hover&#8221; button_text_color__hover=&#8221;#D81728&#8243; button_icon_color__hover_enabled=&#8221;on|desktop&#8221; button_icon_color__hover=&#8221;#D81728&#8243;][\/et_pb_button][\/et_pb_column][\/et_pb_row][\/et_pb_section][et_pb_section fb_built=&#8221;1&#8243; admin_label=&#8221;Blog&#8221; _builder_version=&#8221;4.16&#8243; _module_preset=&#8221;default&#8221; custom_padding=&#8221;10vw||10vw||true|false&#8221; da_disable_devices=&#8221;off|off|off&#8221; locked=&#8221;off&#8221; global_colors_info=&#8221;{}&#8221; da_is_popup=&#8221;off&#8221; da_exit_intent=&#8221;off&#8221; da_has_close=&#8221;on&#8221; da_alt_close=&#8221;off&#8221; da_dark_close=&#8221;off&#8221; da_not_modal=&#8221;on&#8221; da_is_singular=&#8221;off&#8221; da_with_loader=&#8221;off&#8221; da_has_shadow=&#8221;on&#8221;][et_pb_row module_id=&#8221;actus&#8221; _builder_version=&#8221;4.25.1&#8243; _module_preset=&#8221;default&#8221; global_colors_info=&#8221;{}&#8221;][et_pb_column type=&#8221;4_4&#8243; _builder_version=&#8221;4.16&#8243; _module_preset=&#8221;default&#8221; global_colors_info=&#8221;{}&#8221;][et_pb_blog fullwidth=&#8221;off&#8221; posts_number=&#8221;12&#8243; include_categories=&#8221;all&#8221; meta_date=&#8221;j M, Y&#8221; excerpt_length=&#8221;180&#8243; show_author=&#8221;off&#8221; _builder_version=&#8221;4.27.4&#8243; _module_preset=&#8221;default&#8221; header_level=&#8221;h4&#8243; header_font=&#8221;Arimo|600|||||||&#8221; header_text_align=&#8221;left&#8221; header_text_color=&#8221;#D81728&#8243; header_font_size=&#8221;22px&#8221; header_line_height=&#8221;1.2em&#8221; body_font=&#8221;Roboto|300|||||||&#8221; body_text_align=&#8221;justify&#8221; body_text_color=&#8221;#3d3d3d&#8221; body_font_size=&#8221;16px&#8221; body_line_height=&#8221;1.5em&#8221; meta_font=&#8221;Roboto|300||on|||||&#8221; meta_text_color=&#8221;#1E2642&#8243; meta_font_size=&#8221;11px&#8221; meta_letter_spacing=&#8221;1px&#8221; meta_line_height=&#8221;3em&#8221; pagination_font=&#8221;Montserrat|700|||||||&#8221; pagination_text_color=&#8221;#ff824e&#8221; text_orientation=&#8221;justified&#8221; hover_enabled=&#8221;0&#8243; header_font_size_tablet=&#8221;18px&#8221; header_font_size_phone=&#8221;16px&#8221; header_font_size_last_edited=&#8221;off|desktop&#8221; border_color_all=&#8221;RGBA(255,255,255,0)&#8221; box_shadow_style=&#8221;preset3&#8243; box_shadow_vertical=&#8221;32px&#8221; box_shadow_blur=&#8221;56px&#8221; box_shadow_spread=&#8221;-24px&#8221; box_shadow_color=&#8221;rgba(0,0,0,0.1)&#8221; global_colors_info=&#8221;{}&#8221; box_shadow_vertical__hover_enabled=&#8221;on|hover&#8221; box_shadow_vertical__hover=&#8221;40px&#8221; box_shadow_blur__hover_enabled=&#8221;on|hover&#8221; box_shadow_blur__hover=&#8221;80px&#8221; box_shadow_spread__hover_enabled=&#8221;on|hover&#8221; box_shadow_spread__hover=&#8221;-20px&#8221; border_width_all__hover_enabled=&#8221;off|hover&#8221; sticky_enabled=&#8221;0&#8243;][\/et_pb_blog][\/et_pb_column][\/et_pb_row][et_pb_row custom_padding_last_edited=&#8221;on|phone&#8221; disabled_on=&#8221;on|on|on&#8221; _builder_version=&#8221;4.18.1&#8243; _module_preset=&#8221;default&#8221; background_color=&#8221;#FFFFFF&#8221; custom_padding=&#8221;80px|60px|80px|60px|true|true&#8221; custom_padding_tablet=&#8221;30px|30px|30px|30px|true|true&#8221; custom_padding_phone=&#8221;|20px||20px|true|true&#8221; box_shadow_style=&#8221;preset3&#8243; box_shadow_vertical=&#8221;32px&#8221; box_shadow_blur=&#8221;56px&#8221; box_shadow_spread=&#8221;-24px&#8221; box_shadow_color=&#8221;rgba(0,0,0,0.1)&#8221; disabled=&#8221;on&#8221; global_colors_info=&#8221;{}&#8221;][et_pb_column type=&#8221;4_4&#8243; _builder_version=&#8221;4.16&#8243; _module_preset=&#8221;default&#8221; global_colors_info=&#8221;{}&#8221;][et_pb_text _builder_version=&#8221;4.27.4&#8243; _module_preset=&#8221;df96b77a-cd4f-44a8-a771-2d6347592b53&#8243; header_2_font=&#8221;Arimo|700|||||||&#8221; header_2_text_color=&#8221;#1E2642&#8243; header_2_font_size=&#8221;50px&#8221; header_2_line_height=&#8221;1.25em&#8221; text_orientation=&#8221;center&#8221; custom_margin=&#8221;||10px||false|false&#8221; header_2_font_size_tablet=&#8221;32px&#8221; header_2_font_size_phone=&#8221;20px&#8221; header_2_font_size_last_edited=&#8221;on|desktop&#8221; global_colors_info=&#8221;{}&#8221;]<\/p>\n<h2>Subscribe to our newsletter<\/h2>\n<p>[\/et_pb_text][et_pb_signup mailchimp_list=&#8221;elegantthemestest|1ea2bbd026&#8243; layout=&#8221;top_bottom&#8221; button_text=&#8221;S&#8217;inscrire&#8221; use_spam_service=&#8221;on&#8221; _builder_version=&#8221;4.27.4&#8243; _module_preset=&#8221;default&#8221; form_field_custom_padding=&#8221;|16px||16px|false|true&#8221; body_font=&#8221;Roboto|300|||||||&#8221; body_text_color=&#8221;#3d3d3d&#8221; body_font_size=&#8221;16px&#8221; body_line_height=&#8221;1.5em&#8221; result_message_font=&#8221;Roboto||||||||&#8221; result_message_font_size=&#8221;20px&#8221; form_field_font=&#8221;Montserrat|500|||||||&#8221; form_field_font_size=&#8221;14px&#8221; use_background_color=&#8221;off&#8221; custom_button=&#8221;on&#8221; button_text_size=&#8221;18px&#8221; button_text_color=&#8221;#FFFFFF&#8221; button_bg_color=&#8221;#D81728&#8243; button_border_width=&#8221;0px&#8221; button_border_radius=&#8221;0px&#8221; button_letter_spacing=&#8221;1px&#8221; button_font=&#8221;Roboto|700||on|||||&#8221; button_icon=&#8221;&#x24;||divi||400&#8243; button_icon_color=&#8221;#FFFFFF&#8221; button_icon_placement=&#8221;left&#8221; button_on_hover=&#8221;off&#8221; button_custom_padding=&#8221;22px|24px|22px|24px|true|true&#8221; border_radii_fields=&#8221;on|0px|0px|0px|0px&#8221; border_width_all_fields=&#8221;1px&#8221; border_color_all_fields=&#8221;#979797&#8243; global_colors_info=&#8221;{}&#8221;][\/et_pb_signup][\/et_pb_column][\/et_pb_row][\/et_pb_section]<\/p>\n","protected":false},"excerpt":{"rendered":"<p>#Swisstools Our news Find out the latest news about our company.Subscribe to our newsletter<\/p>\n","protected":false},"author":1,"featured_media":0,"parent":0,"menu_order":0,"comment_status":"closed","ping_status":"closed","template":"","meta":{"_et_pb_use_builder":"on","_et_pb_old_content":"","_et_gb_content_width":"","footnotes":""},"class_list":["post-1985","page","type-page","status-publish","hentry"],"yoast_head":"<!-- This site is optimized with the Yoast SEO plugin v27.2 - https:\/\/yoast.com\/product\/yoast-seo-wordpress\/ -->\n<title>Nos actualit\u00e9s Swisstools - Swisstools<\/title>\n<meta name=\"description\" content=\"D\u00e9couvrez toutes les actualit\u00e9s de Swisstools, entre innovations, projets r\u00e9cents et collaborations, Swisstools ne cesse de s&#039;\u00e9tendre.\" \/>\n<meta name=\"robots\" content=\"index, follow, max-snippet:-1, max-image-preview:large, max-video-preview:-1\" \/>\n<link rel=\"canonical\" href=\"https:\/\/swisstools.fr\/en\/actualites-swisstools\/\" \/>\n<meta property=\"og:locale\" content=\"en_US\" \/>\n<meta property=\"og:type\" content=\"article\" \/>\n<meta property=\"og:title\" content=\"Nos actualit\u00e9s Swisstools - Swisstools\" \/>\n<meta property=\"og:description\" content=\"D\u00e9couvrez toutes les actualit\u00e9s de Swisstools, entre innovations, projets r\u00e9cents et collaborations, Swisstools ne cesse de s&#039;\u00e9tendre.\" \/>\n<meta property=\"og:url\" content=\"https:\/\/swisstools.fr\/en\/actualites-swisstools\/\" \/>\n<meta property=\"og:site_name\" content=\"Swisstools\" \/>\n<meta property=\"article:modified_time\" content=\"2025-04-11T13:44:23+00:00\" \/>\n<meta name=\"twitter:card\" content=\"summary_large_image\" \/>\n<meta name=\"twitter:label1\" content=\"Est. reading time\" \/>\n\t<meta name=\"twitter:data1\" content=\"3 minutes\" \/>\n<script type=\"application\/ld+json\" class=\"yoast-schema-graph\">{\"@context\":\"https:\/\/schema.org\",\"@graph\":[{\"@type\":\"WebPage\",\"@id\":\"https:\/\/swisstools.fr\/en\/actualites-swisstools\/\",\"url\":\"https:\/\/swisstools.fr\/en\/actualites-swisstools\/\",\"name\":\"Nos actualit\u00e9s Swisstools - Swisstools\",\"isPartOf\":{\"@id\":\"https:\/\/swisstools.fr\/en\/#website\"},\"datePublished\":\"2022-09-08T07:17:02+00:00\",\"dateModified\":\"2025-04-11T13:44:23+00:00\",\"description\":\"D\u00e9couvrez toutes les actualit\u00e9s de Swisstools, entre innovations, projets r\u00e9cents et collaborations, Swisstools ne cesse de s'\u00e9tendre.\",\"breadcrumb\":{\"@id\":\"https:\/\/swisstools.fr\/en\/actualites-swisstools\/#breadcrumb\"},\"inLanguage\":\"en-US\",\"potentialAction\":[{\"@type\":\"ReadAction\",\"target\":[\"https:\/\/swisstools.fr\/en\/actualites-swisstools\/\"]}]},{\"@type\":\"BreadcrumbList\",\"@id\":\"https:\/\/swisstools.fr\/en\/actualites-swisstools\/#breadcrumb\",\"itemListElement\":[{\"@type\":\"ListItem\",\"position\":1,\"name\":\"Accueil\",\"item\":\"https:\/\/swisstools.fr\/en\/\"},{\"@type\":\"ListItem\",\"position\":2,\"name\":\"News\"}]},{\"@type\":\"WebSite\",\"@id\":\"https:\/\/swisstools.fr\/en\/#website\",\"url\":\"https:\/\/swisstools.fr\/en\/\",\"name\":\"Swisstools, partenaire de pr\u00e9cision\",\"description\":\"Partenaire de pr\u00e9cision\",\"publisher\":{\"@id\":\"https:\/\/swisstools.fr\/en\/#organization\"},\"potentialAction\":[{\"@type\":\"SearchAction\",\"target\":{\"@type\":\"EntryPoint\",\"urlTemplate\":\"https:\/\/swisstools.fr\/en\/?s={search_term_string}\"},\"query-input\":{\"@type\":\"PropertyValueSpecification\",\"valueRequired\":true,\"valueName\":\"search_term_string\"}}],\"inLanguage\":\"en-US\"},{\"@type\":\"Organization\",\"@id\":\"https:\/\/swisstools.fr\/en\/#organization\",\"name\":\"Swisstools\",\"url\":\"https:\/\/swisstools.fr\/en\/\",\"logo\":{\"@type\":\"ImageObject\",\"inLanguage\":\"en-US\",\"@id\":\"https:\/\/swisstools.fr\/en\/#\/schema\/logo\/image\/\",\"url\":\"https:\/\/swisstools.fr\/wp-content\/uploads\/2025\/03\/Logo-swisstools-vertical-fond-blanc.png\",\"contentUrl\":\"https:\/\/swisstools.fr\/wp-content\/uploads\/2025\/03\/Logo-swisstools-vertical-fond-blanc.png\",\"width\":600,\"height\":567,\"caption\":\"Swisstools\"},\"image\":{\"@id\":\"https:\/\/swisstools.fr\/en\/#\/schema\/logo\/image\/\"},\"sameAs\":[\"https:\/\/www.linkedin.com\/company\/swisstools\/?viewAsMember=true\"]}]}<\/script>\n<!-- \/ Yoast SEO plugin. -->","yoast_head_json":{"title":"Nos actualit\u00e9s Swisstools - Swisstools","description":"D\u00e9couvrez toutes les actualit\u00e9s de Swisstools, entre innovations, projets r\u00e9cents et collaborations, Swisstools ne cesse de s'\u00e9tendre.","robots":{"index":"index","follow":"follow","max-snippet":"max-snippet:-1","max-image-preview":"max-image-preview:large","max-video-preview":"max-video-preview:-1"},"canonical":"https:\/\/swisstools.fr\/en\/actualites-swisstools\/","og_locale":"en_US","og_type":"article","og_title":"Nos actualit\u00e9s Swisstools - Swisstools","og_description":"D\u00e9couvrez toutes les actualit\u00e9s de Swisstools, entre innovations, projets r\u00e9cents et collaborations, Swisstools ne cesse de s'\u00e9tendre.","og_url":"https:\/\/swisstools.fr\/en\/actualites-swisstools\/","og_site_name":"Swisstools","article_modified_time":"2025-04-11T13:44:23+00:00","twitter_card":"summary_large_image","twitter_misc":{"Est. reading time":"3 minutes"},"schema":{"@context":"https:\/\/schema.org","@graph":[{"@type":"WebPage","@id":"https:\/\/swisstools.fr\/en\/actualites-swisstools\/","url":"https:\/\/swisstools.fr\/en\/actualites-swisstools\/","name":"Nos actualit\u00e9s Swisstools - Swisstools","isPartOf":{"@id":"https:\/\/swisstools.fr\/en\/#website"},"datePublished":"2022-09-08T07:17:02+00:00","dateModified":"2025-04-11T13:44:23+00:00","description":"D\u00e9couvrez toutes les actualit\u00e9s de Swisstools, entre innovations, projets r\u00e9cents et collaborations, Swisstools ne cesse de s'\u00e9tendre.","breadcrumb":{"@id":"https:\/\/swisstools.fr\/en\/actualites-swisstools\/#breadcrumb"},"inLanguage":"en-US","potentialAction":[{"@type":"ReadAction","target":["https:\/\/swisstools.fr\/en\/actualites-swisstools\/"]}]},{"@type":"BreadcrumbList","@id":"https:\/\/swisstools.fr\/en\/actualites-swisstools\/#breadcrumb","itemListElement":[{"@type":"ListItem","position":1,"name":"Accueil","item":"https:\/\/swisstools.fr\/en\/"},{"@type":"ListItem","position":2,"name":"News"}]},{"@type":"WebSite","@id":"https:\/\/swisstools.fr\/en\/#website","url":"https:\/\/swisstools.fr\/en\/","name":"Swisstools, partenaire de pr\u00e9cision","description":"Partenaire de pr\u00e9cision","publisher":{"@id":"https:\/\/swisstools.fr\/en\/#organization"},"potentialAction":[{"@type":"SearchAction","target":{"@type":"EntryPoint","urlTemplate":"https:\/\/swisstools.fr\/en\/?s={search_term_string}"},"query-input":{"@type":"PropertyValueSpecification","valueRequired":true,"valueName":"search_term_string"}}],"inLanguage":"en-US"},{"@type":"Organization","@id":"https:\/\/swisstools.fr\/en\/#organization","name":"Swisstools","url":"https:\/\/swisstools.fr\/en\/","logo":{"@type":"ImageObject","inLanguage":"en-US","@id":"https:\/\/swisstools.fr\/en\/#\/schema\/logo\/image\/","url":"https:\/\/swisstools.fr\/wp-content\/uploads\/2025\/03\/Logo-swisstools-vertical-fond-blanc.png","contentUrl":"https:\/\/swisstools.fr\/wp-content\/uploads\/2025\/03\/Logo-swisstools-vertical-fond-blanc.png","width":600,"height":567,"caption":"Swisstools"},"image":{"@id":"https:\/\/swisstools.fr\/en\/#\/schema\/logo\/image\/"},"sameAs":["https:\/\/www.linkedin.com\/company\/swisstools\/?viewAsMember=true"]}]}},"_links":{"self":[{"href":"https:\/\/swisstools.fr\/en\/wp-json\/wp\/v2\/pages\/1985","targetHints":{"allow":["GET"]}}],"collection":[{"href":"https:\/\/swisstools.fr\/en\/wp-json\/wp\/v2\/pages"}],"about":[{"href":"https:\/\/swisstools.fr\/en\/wp-json\/wp\/v2\/types\/page"}],"author":[{"embeddable":true,"href":"https:\/\/swisstools.fr\/en\/wp-json\/wp\/v2\/users\/1"}],"replies":[{"embeddable":true,"href":"https:\/\/swisstools.fr\/en\/wp-json\/wp\/v2\/comments?post=1985"}],"version-history":[{"count":32,"href":"https:\/\/swisstools.fr\/en\/wp-json\/wp\/v2\/pages\/1985\/revisions"}],"predecessor-version":[{"id":3314,"href":"https:\/\/swisstools.fr\/en\/wp-json\/wp\/v2\/pages\/1985\/revisions\/3314"}],"wp:attachment":[{"href":"https:\/\/swisstools.fr\/en\/wp-json\/wp\/v2\/media?parent=1985"}],"curies":[{"name":"wp","href":"https:\/\/api.w.org\/{rel}","templated":true}]}}